{"id":1552,"date":"2024-05-06T13:59:09","date_gmt":"2024-05-06T11:59:09","guid":{"rendered":"https:\/\/megevesnowboardschool.com\/home\/"},"modified":"2026-04-16T18:18:13","modified_gmt":"2026-04-16T16:18:13","slug":"home","status":"publish","type":"page","link":"https:\/\/megevesnowboardschool.com\/fr\/","title":{"rendered":"\u00c9cole de snowboard de Meg\u00e8ve"},"content":{"rendered":"<h4>Titre<\/h4>\n<p>\u00c9cole de snowboard \u00e0 Meg\u00e8ve : le\u00e7ons priv\u00e9es Mont d\u2019Arbois<\/p>\n<h4>Description<\/h4>\n<p>Profite de Meg\u00e8ve avec nos instructeurs de snowboard exp\u00e9riment\u00e9s pour une exp\u00e9rience inoubliable sur les pistes.<\/p>\n<p>Passe un excellent moment sur les pistes avec l\u2019\u00e9cole de snowboard de Meg\u00e8ve. Meg\u00e8ve Snowboarding. Le\u00e7ons priv\u00e9es Mont d\u2019Arbois Meg\u00e8ve<\/p>\n&#13;\n<p>\u00c9cole de snowboard de Meg\u00e8ve<\/p>&#13;\n&#13;\n<p>\u00c9cole de snowboard de Meg\u00e8ve : le\u00e7ons priv\u00e9es au Mont d\u2019Arbois<\/p>&#13;\n&#13;\n<p>\u00c9cole de snowboard \u00e0 Meg\u00e8ve : le\u00e7ons priv\u00e9es Mont d\u2019Arbois<\/p>&#13;\n&#13;\n<p>Vis un moment inoubliable sur les pistes de Meg\u00e8ve avec nos instructeurs de snowboard exp\u00e9riment\u00e9s. Rejoins l\u2019\u00e9cole de snowboard de Meg\u00e8ve pour des le\u00e7ons priv\u00e9es au Mont d\u2019Arbois et profite au maximum de ton aventure en snowboard.<\/p>&#13;\n","protected":false},"excerpt":{"rendered":"<p>Titre \u00c9cole de snowboard \u00e0 Meg\u00e8ve : le\u00e7ons priv\u00e9es Mont d\u2019Arbois Description Profite de Meg\u00e8ve avec nos instructeurs de snowboard exp\u00e9riment\u00e9s pour une exp\u00e9rience inoubliable sur les pistes. Passe un excellent moment sur les pistes avec l\u2019\u00e9cole de snowboard de Meg\u00e8ve. Meg\u00e8ve Snowboarding. Le\u00e7ons priv\u00e9es Mont d\u2019Arbois Meg\u00e8ve &#13; \u00c9cole de snowboard de Meg\u00e8ve &#13; &#13; \u00c9cole de snowboard de Meg\u00e8ve : le\u00e7ons priv\u00e9es au Mont d\u2019Arbois &#13; &#13; \u00c9cole de snowboard \u00e0 Meg\u00e8ve : le\u00e7ons priv\u00e9es Mont d\u2019Arbois &#13; &#13; Vis un moment inoubliable sur les pistes de Meg\u00e8ve avec nos instructeurs de snowboard exp\u00e9riment\u00e9s. Rejoins l\u2019\u00e9cole de snowboard de Meg\u00e8ve pour des le\u00e7ons priv\u00e9es au Mont d\u2019Arbois et profite au maximum de ton aventure en snowboard. &#13;<\/p>\n","protected":false},"author":1,"featured_media":0,"parent":0,"menu_order":0,"comment_status":"closed","ping_status":"closed","template":"template-all-works.php","meta":{"footnotes":""},"class_list":["post-1552","page","type-page","status-publish","hentry"],"acf":[],"_links":{"self":[{"href":"https:\/\/megevesnowboardschool.com\/fr\/wp-json\/wp\/v2\/pages\/1552","targetHints":{"allow":["GET"]}}],"collection":[{"href":"https:\/\/megevesnowboardschool.com\/fr\/wp-json\/wp\/v2\/pages"}],"about":[{"href":"https:\/\/megevesnowboardschool.com\/fr\/wp-json\/wp\/v2\/types\/page"}],"author":[{"embeddable":true,"href":"https:\/\/megevesnowboardschool.com\/fr\/wp-json\/wp\/v2\/users\/1"}],"replies":[{"embeddable":true,"href":"https:\/\/megevesnowboardschool.com\/fr\/wp-json\/wp\/v2\/comments?post=1552"}],"version-history":[{"count":4,"href":"https:\/\/megevesnowboardschool.com\/fr\/wp-json\/wp\/v2\/pages\/1552\/revisions"}],"predecessor-version":[{"id":1564,"href":"https:\/\/megevesnowboardschool.com\/fr\/wp-json\/wp\/v2\/pages\/1552\/revisions\/1564"}],"wp:attachment":[{"href":"https:\/\/megevesnowboardschool.com\/fr\/wp-json\/wp\/v2\/media?parent=1552"}],"curies":[{"name":"wp","href":"https:\/\/api.w.org\/{rel}","templated":true}]}}