{"id":1559,"date":"2024-10-07T10:41:03","date_gmt":"2024-10-07T08:41:03","guid":{"rendered":"https:\/\/megevesnowboardschool.com\/contact-booking\/"},"modified":"2026-04-17T12:34:28","modified_gmt":"2026-04-17T10:34:28","slug":"contact-booking","status":"publish","type":"page","link":"https:\/\/megevesnowboardschool.com\/fr\/contact-booking\/","title":{"rendered":"Contact &#038; R\u00e9servation"},"content":{"rendered":"<div class=\"wpb-content-wrapper\"><p>[vc_row][vc_column][vc_single_image image=\u00a0\u00bb1560&Prime; img_size=\u00a0\u00bblarge\u00a0\u00bb alignment=\u00a0\u00bbcenter\u00a0\u00bb style=\u00a0\u00bbvc_box_outline\u00a0\u00bb css=\u00a0\u00bb\u00a0\u00bb][vc_column_text css=\u00a0\u00bb\u00a0\u00bb]<\/p>\n<div class=\"wpb_text_column wpb_content_element wpb_animate_when_almost_visible wpb_right-to-left right-to-left wpb_start_animation animated\" style=\"text-align: center;\">\n<div class=\"wpb_wrapper\">\n<p style=\"text-align: center;\">\n<\/div>\n<hr \/>\n<p>&nbsp;<\/p>\n<\/div>\n<p>[\/vc_column_text][\/vc_column][\/vc_row][vc_row][vc_column][vc_column_text css=\u00a0\u00bb\u00a0\u00bb]<\/p>\n<div class=\"wpb_text_column wpb_content_element wpb_animate_when_almost_visible wpb_right-to-left right-to-left wpb_start_animation animated\" style=\"text-align: center;\">\n<div class=\"wpb_wrapper\">\n<p style=\"text-align: center;\"><strong style=\"font-family: Arimo, sans-serif; font-size: 1.25em;\">N&rsquo;h\u00e9sitez pas \u00e0 nous envoyer un e-mail :<span style=\"color: #800000;\"> <a style=\"color: #800000;\" href=\"mailto:iskimegeve@me.com\">iskimegeve@me.com<\/a><\/span><\/strong><\/p>\n<\/div>\n<p>Nous restons \u00e9galement \u00e0 votre disposition par t\u00e9l\u00e9phone* au +33 (0) 616 248 062<br \/>\n*Du lundi au dimanche inclus, de 8 h \u00e0 21 h 30 (WhatsApp merci !)<\/p>\n<\/div>\n<p>[\/vc_column_text][vc_column_text css=\u00a0\u00bb\u00a0\u00bb]Pr\u00e9cisez vos attentes par email et nous serons ravis de vous proposer un service sur mesure.<\/p>\n<p>Un week-end en couple pour d\u00e9couvrir les plus beaux itin\u00e9raires de Meg\u00e8ve ou lors de vos vacances en famille.<\/p>\n<p>Pour que chacun progresse \u00e0 son rythme, quel que soit son niveau : venez d\u00e9couvrir les pistes du domaine Evasion Mont-Blanc, d\u00e9buter, vous entra\u00eener, apprendre le carving ou le ski hors-piste sur des itin\u00e9raires sauvages et vari\u00e9s&#8230;<\/p>\n<p>iSkimeg\u00e8ve r\u00e9pond \u00e0 toutes vos demandes. En fonction de vos besoins et de vos disponibilit\u00e9s, nos moniteurs vous contacteront dans les 24 heures pour organiser vos vacances au ski \u00e0 Meg\u00e8ve selon vos envies.[\/vc_column_text][\/vc_column][\/vc_row][vc_row][vc_column width=\u00a0\u00bb5\/6&Prime;][vc_column_text css=\u00a0\u00bb\u00a0\u00bb]<\/p>\n<ul>\n<li><span style=\"color: #800000;\">Conseils pour la r\u00e9servation<\/span><br \/>\nR\u00e9servez t\u00f4t : les cours particuliers peuvent \u00eatre rapidement complets, surtout en p\u00e9riode de forte affluence.<br \/>\nPr\u00e9cisez vos objectifs : lors de la r\u00e9servation, indiquez \u00e0 l&rsquo;\u00e9cole de snowboard votre niveau actuel et les points sur lesquels vous souhaitez travailler afin que le cours soit adapt\u00e9 \u00e0 vos besoins.<br \/>\nLocation de mat\u00e9riel : si vous avez besoin de mat\u00e9riel, nous proposons un service de location \u00e0 proximit\u00e9.<\/li>\n<\/ul>\n<p><strong>Passez un excellent moment sur les pistes avec l&rsquo;\u00e9cole de snowboard de Meg\u00e8ve !<\/strong><\/p>\n<p><span style=\"color: #800000;\">Conditions d&rsquo;annulation<\/span><br \/>\nToute annulation doit intervenir plus de 15 jours avant le d\u00e9but du stage. Si l&rsquo;annulation intervient entre 14 et 7 jours avant le d\u00e9but du stage, un montant correspondant aux heures de cours du premier jour sera retenu. Les prestations doivent \u00eatre r\u00e9gl\u00e9es en totalit\u00e9 dans ce d\u00e9lai.<\/p>\n<p>Snowboard, cours particuliers, randonn\u00e9e, hors-piste, perfectionnement&#8230;[\/vc_column_text][\/vc_column][vc_column width=\u00a0\u00bb1\/6&Prime;][vc_single_image image=\u00a0\u00bb31054&Prime; img_size=\u00a0\u00bbmedium\u00a0\u00bb alignment=\u00a0\u00bbcenter\u00a0\u00bb style=\u00a0\u00bbvc_box_outline\u00a0\u00bb][vc_single_image image=\u00a0\u00bb30673&Prime; img_size=\u00a0\u00bbmedium\u00a0\u00bb alignment=\u00a0\u00bbcenter\u00a0\u00bb style=\u00a0\u00bbvc_box_outline\u00a0\u00bb][\/vc_column][\/vc_row][vc_row][vc_column][vc_single_image image=\u00a0\u00bb1617&Prime; img_size=\u00a0\u00bblarge\u00a0\u00bb alignment=\u00a0\u00bbcenter\u00a0\u00bb style=\u00a0\u00bbvc_box_outline\u00a0\u00bb css=\u00a0\u00bb\u00a0\u00bb][\/vc_column][\/vc_row]<\/p>\n<\/div>","protected":false},"excerpt":{"rendered":"<p>[vc_row][vc_column][vc_single_image image=\u00a0\u00bb1560&Prime; img_size=\u00a0\u00bblarge\u00a0\u00bb alignment=\u00a0\u00bbcenter\u00a0\u00bb style=\u00a0\u00bbvc_box_outline\u00a0\u00bb css=\u00a0\u00bb\u00a0\u00bb][vc_column_text css=\u00a0\u00bb\u00a0\u00bb] &nbsp; [\/vc_column_text][\/vc_column][\/vc_row][vc_row][vc_column][vc_column_text css=\u00a0\u00bb\u00a0\u00bb] N&rsquo;h\u00e9sitez pas \u00e0 nous envoyer un e-mail : iskimegeve@me.com Nous restons \u00e9galement \u00e0 votre disposition par t\u00e9l\u00e9phone* au +33 (0) 616 248 062 *Du lundi au dimanche inclus, de 8 h \u00e0 21 h 30 (WhatsApp merci !) [\/vc_column_text][vc_column_text css=\u00a0\u00bb\u00a0\u00bb]Pr\u00e9cisez vos attentes par email et nous serons ravis de vous proposer un service sur mesure. Un week-end en couple pour d\u00e9couvrir les plus beaux itin\u00e9raires de Meg\u00e8ve ou lors de vos vacances en famille. Pour que chacun progresse \u00e0 son rythme, quel que soit son niveau : venez d\u00e9couvrir les pistes du domaine Evasion Mont-Blanc, d\u00e9buter, vous entra\u00eener, apprendre le carving ou le ski hors-piste sur des itin\u00e9raires sauvages et vari\u00e9s&#8230; iSkimeg\u00e8ve r\u00e9pond \u00e0 toutes vos demandes. En fonction de vos besoins et de vos disponibilit\u00e9s, nos moniteurs vous contacteront dans les 24 heures pour organiser vos vacances au ski \u00e0 Meg\u00e8ve selon vos envies.[\/vc_column_text][\/vc_column][\/vc_row][vc_row][vc_column width=\u00a0\u00bb5\/6&Prime;][vc_column_text css=\u00a0\u00bb\u00a0\u00bb] Conseils pour la r\u00e9servation R\u00e9servez t\u00f4t : les cours particuliers peuvent \u00eatre rapidement complets, surtout en p\u00e9riode de forte affluence. Pr\u00e9cisez vos objectifs : lors de la r\u00e9servation, indiquez \u00e0 l&rsquo;\u00e9cole de snowboard votre niveau actuel et les points sur lesquels vous souhaitez travailler afin que le cours soit adapt\u00e9 \u00e0 vos besoins. Location de mat\u00e9riel : si vous avez besoin de mat\u00e9riel, nous proposons un service de location \u00e0 proximit\u00e9. Passez un excellent moment sur les pistes avec l&rsquo;\u00e9cole de snowboard de Meg\u00e8ve ! Conditions d&rsquo;annulation Toute annulation doit intervenir plus de 15 jours avant le d\u00e9but du stage. Si l&rsquo;annulation intervient entre 14 et 7 jours avant le d\u00e9but du stage, un montant correspondant aux heures de cours du premier jour sera retenu. Les prestations doivent \u00eatre r\u00e9gl\u00e9es en totalit\u00e9 dans ce d\u00e9lai. Snowboard, cours particuliers, randonn\u00e9e, hors-piste, perfectionnement&#8230;[\/vc_column_text][\/vc_column][vc_column width=\u00a0\u00bb1\/6&Prime;][vc_single_image image=\u00a0\u00bb31054&Prime; img_size=\u00a0\u00bbmedium\u00a0\u00bb alignment=\u00a0\u00bbcenter\u00a0\u00bb style=\u00a0\u00bbvc_box_outline\u00a0\u00bb][vc_single_image image=\u00a0\u00bb30673&Prime; img_size=\u00a0\u00bbmedium\u00a0\u00bb alignment=\u00a0\u00bbcenter\u00a0\u00bb style=\u00a0\u00bbvc_box_outline\u00a0\u00bb][\/vc_column][\/vc_row][vc_row][vc_column][vc_single_image image=\u00a0\u00bb1617&Prime; img_size=\u00a0\u00bblarge\u00a0\u00bb alignment=\u00a0\u00bbcenter\u00a0\u00bb style=\u00a0\u00bbvc_box_outline\u00a0\u00bb css=\u00a0\u00bb\u00a0\u00bb][\/vc_column][\/vc_row]<\/p>\n","protected":false},"author":1,"featured_media":0,"parent":0,"menu_order":0,"comment_status":"closed","ping_status":"closed","template":"","meta":{"footnotes":""},"class_list":["post-1559","page","type-page","status-publish","hentry"],"acf":[],"_links":{"self":[{"href":"https:\/\/megevesnowboardschool.com\/fr\/wp-json\/wp\/v2\/pages\/1559","targetHints":{"allow":["GET"]}}],"collection":[{"href":"https:\/\/megevesnowboardschool.com\/fr\/wp-json\/wp\/v2\/pages"}],"about":[{"href":"https:\/\/megevesnowboardschool.com\/fr\/wp-json\/wp\/v2\/types\/page"}],"author":[{"embeddable":true,"href":"https:\/\/megevesnowboardschool.com\/fr\/wp-json\/wp\/v2\/users\/1"}],"replies":[{"embeddable":true,"href":"https:\/\/megevesnowboardschool.com\/fr\/wp-json\/wp\/v2\/comments?post=1559"}],"version-history":[{"count":6,"href":"https:\/\/megevesnowboardschool.com\/fr\/wp-json\/wp\/v2\/pages\/1559\/revisions"}],"predecessor-version":[{"id":1636,"href":"https:\/\/megevesnowboardschool.com\/fr\/wp-json\/wp\/v2\/pages\/1559\/revisions\/1636"}],"wp:attachment":[{"href":"https:\/\/megevesnowboardschool.com\/fr\/wp-json\/wp\/v2\/media?parent=1559"}],"curies":[{"name":"wp","href":"https:\/\/api.w.org\/{rel}","templated":true}]}}