{"id":1573,"date":"2024-10-07T10:29:51","date_gmt":"2024-10-07T08:29:51","guid":{"rendered":"https:\/\/megevesnowboardschool.com\/tarifs-des-cours-de-snowboard\/"},"modified":"2026-04-17T12:05:12","modified_gmt":"2026-04-17T10:05:12","slug":"tarifs-des-cours-de-snowboard","status":"publish","type":"page","link":"https:\/\/megevesnowboardschool.com\/fr\/tarifs-des-cours-de-snowboard\/","title":{"rendered":"Tarifs des cours de snowboard"},"content":{"rendered":"<div class=\"wpb-content-wrapper\"><p>[vc_row][vc_column][vc_column_text css=\u00a0\u00bb\u00a0\u00bb]<\/p>\r\n\r\n<div class=\"wpb_text_column wpb_content_element wpb_animate_when_almost_visible wpb_right-to-left right-to-left wpb_start_animation animated\">\r\n<div class=\"wpb_wrapper\">\r\n<p style=\"text-align: center;\">\u00a0<\/p>\r\n<\/div>\r\n<hr \/><\/div>\r\n<p>[\/vc_column_text][\/vc_column][\/vc_row][vc_row][vc_column width=\u00a0\u00bb2\/3&Prime;][vc_empty_space height=\u00a0\u00bb50px\u00a0\u00bb][vc_column_text css_animation=\u00a0\u00bbnone\u00a0\u00bb css=\u00a0\u00bb\u00a0\u00bb]<\/p>\r\n<ul>\r\n<li><strong><span style=\"color: #800000;\">ORGANISEZ VOS SESSIONS DE SNOWBOARD \u00c0 MEG\u00c8VE<\/span><\/strong><\/li>\r\n<\/ul>\r\n<p>Profitez d&rsquo;un accompagnement personnalis\u00e9.<br \/>Un moniteur de snowboard \u00e0 votre enti\u00e8re disposition pour une demi-journ\u00e9e, une journ\u00e9e ou une semaine&#8230;<br \/>Nous vous proposons un service sur mesure \u00e0 Meg\u00e8ve au d\u00e9part du Mont d&rsquo;Arbois.<\/p>\r\n<p>Seul, en famille ou entre amis, d\u00e9couvrez les joies du ski avec nos moniteurs dipl\u00f4m\u00e9s d&rsquo;\u00c9tat.<br \/>Rendez-vous au magasin de snowboard, sur le spot, au pied des pistes ! D\u00e9couvrez une vari\u00e9t\u00e9 de lieux typiques et les plus beaux itin\u00e9raires autour de Meg\u00e8ve, quel que soit votre niveau.<\/p>\r\n<p><strong><span style=\"color: #800000;\">Cours particuliers : en individuel, entre amis ou en famille.<\/span><\/strong><br \/>*60 \u20ac par personne suppl\u00e9mentaire au-del\u00e0 de 3 personnes.<\/p>\r\n<ul>\r\n<li><strong><span style=\"color: #800000;\">Tarifs de snowboard<\/span><\/strong><\/li>\r\n<\/ul>\r\n<p style=\"text-align: center;\"><\/p>\r\n<p style=\"text-align: center;\"><\/p>\r\n<figure class=\"wp-block-table is-style-stripes\">\r\n<table>\r\n<tbody>\r\n<tr>\r\n<td><span style=\"color: #800000;\"><strong>*Demi-journ\u00e9e<\/strong><\/span><br \/>9:00 &#8211; 12:00 or 13:00 &#8211; 16:00<\/td>\r\n<td>400\u20ac<\/td>\r\n<\/tr>\r\n<tr>\r\n<td><span style=\"color: #800000;\"><strong>*Journ\u00e9e<\/strong><\/span><br \/>From 9:00 til 16:00<\/td>\r\n<td>640\u20ac<\/td>\r\n<\/tr>\r\n<tr>\r\n<td><strong><span style=\"color: #800000;\">*Hors-piste &amp; <span style=\"caret-color: #800000;\">Rando<\/span> snow<\/span><br \/><\/strong><em>DVA inclus<\/em><\/td>\r\n<td>640\u20ac<\/td>\r\n<\/tr>\r\n<\/tbody>\r\n<\/table>\r\n<\/figure>\r\n<p>*Demi-journ\u00e9e et journ\u00e9e compl\u00e8te en haute saison : +60 \u20ac :<br \/>from 20.12.2025 til 05.01.2026<br \/>and from 7.02.2026 til 9.03.2026<\/p>\r\n<ul>\r\n<li><strong><span style=\"color: #993300;\">*<span style=\"color: #800000;\"><span style=\"caret-color: #800000;\">Lieux de rencontre<\/span><\/span><\/span><\/strong><\/li>\r\n<\/ul>\r\n<p style=\"text-align: center;\"><\/p>\r\n<p style=\"text-align: center;\"><!-- \/wp:post-content --><\/p>\r\n<p style=\"text-align: center;\"><!-- wp:html --><\/p>\r\n<figure class=\"wp-block-table\">\r\n<table>\r\n<tbody>\r\n<tr>\r\n<td>Mont d&rsquo;Arbois<\/td>\r\n<\/tr>\r\n<tr>\r\n<td>Snowboard Shop<\/td>\r\n<\/tr>\r\n<tr>\r\n<td>La Caboche (station interm\u00e9diaire)<\/td>\r\n<\/tr>\r\n<tr>\r\n<td>La Princesse (T\u00e9l\u00e9cabine)<\/td>\r\n<\/tr>\r\n<tr>\r\n<td>A votre h\u00f4tel ou chalet<\/td>\r\n<\/tr>\r\n<\/tbody>\r\n<\/table>\r\n<\/figure>\r\n<p style=\"text-align: center;\"><!-- \/wp:html --><\/p>\r\n<p>[\/vc_column_text][vc_column_text]<\/p>\r\n<hr \/>\r\n<p>[\/vc_column_text][vc_column_text css_animation=\u00a0\u00bbnone\u00a0\u00bb css=\u00a0\u00bb\u00a0\u00bb]<\/p>\r\n<ul>\r\n<li><strong><span style=\"color: #800000;\">Conditions d&rsquo;annulation<\/span><br \/><\/strong>L&rsquo;annulation doit avoir lieu plus de 15 jours avant le d\u00e9but du cours. Si celle-ci a lieu entre 14 et 7 jours avant le d\u00e9but du cours, un montant correspondant aux heures de cours du premier jour sera retenu. Les services sont \u00e0 r\u00e9gler int\u00e9gralement durant cette p\u00e9riode.<\/li>\r\n<li><span style=\"color: #800000;\"><strong>Enseignement<\/strong><\/span><br \/>Snowboard school Meg\u00e8ve a b\u00e2ti sa r\u00e9putation sur son professionnalisme et la qualit\u00e9 de son enseignement. Conform\u00e9ment aux derni\u00e8res tendances p\u00e9dagogiques, l&rsquo;\u00e9cole n&#8217;emploie que des moniteurs form\u00e9s par l&rsquo;ENSA, sp\u00e9cialis\u00e9s dans toutes les disciplines de sports de glisse. Nos objectifs clairs et pr\u00e9cis sont notre engagement \u00e0 te fournir un service sur mesure.<\/li>\r\n<\/ul>\r\n<p>[\/vc_column_text][\/vc_column][vc_column width=\u00a0\u00bb1\/3&Prime;][vc_empty_space height=\u00a0\u00bb50px\u00a0\u00bb][vc_single_image image=\u00a0\u00bb1566&Prime; img_size=\u00a0\u00bbmedium\u00a0\u00bb alignment=\u00a0\u00bbcenter\u00a0\u00bb style=\u00a0\u00bbvc_box_outline\u00a0\u00bb css=\u00a0\u00bb\u00a0\u00bb][vc_single_image image=\u00a0\u00bb1567&Prime; img_size=\u00a0\u00bbmedium\u00a0\u00bb alignment=\u00a0\u00bbcenter\u00a0\u00bb style=\u00a0\u00bbvc_box_outline\u00a0\u00bb css=\u00a0\u00bb\u00a0\u00bb][vc_single_image image=\u00a0\u00bb1568&Prime; img_size=\u00a0\u00bbmedium\u00a0\u00bb alignment=\u00a0\u00bbcenter\u00a0\u00bb style=\u00a0\u00bbvc_box_outline\u00a0\u00bb css=\u00a0\u00bb\u00a0\u00bb][vc_single_image image=\u00a0\u00bb1569&Prime; img_size=\u00a0\u00bbmedium\u00a0\u00bb alignment=\u00a0\u00bbcenter\u00a0\u00bb style=\u00a0\u00bbvc_box_outline\u00a0\u00bb css=\u00a0\u00bb\u00a0\u00bb][vc_single_image image=\u00a0\u00bb1570&Prime; img_size=\u00a0\u00bbmedium\u00a0\u00bb alignment=\u00a0\u00bbcenter\u00a0\u00bb style=\u00a0\u00bbvc_box_outline\u00a0\u00bb css=\u00a0\u00bb\u00a0\u00bb][vc_single_image image=\u00a0\u00bb1571&Prime; img_size=\u00a0\u00bbmedium\u00a0\u00bb alignment=\u00a0\u00bbcenter\u00a0\u00bb style=\u00a0\u00bbvc_box_outline\u00a0\u00bb css=\u00a0\u00bb\u00a0\u00bb][vc_single_image image=\u00a0\u00bb1572&Prime; img_size=\u00a0\u00bbmedium\u00a0\u00bb alignment=\u00a0\u00bbcenter\u00a0\u00bb style=\u00a0\u00bbvc_box_outline\u00a0\u00bb css=\u00a0\u00bb\u00a0\u00bb][\/vc_column][\/vc_row][vc_row][vc_column][\/vc_column][\/vc_row]<\/p><\/div>","protected":false},"excerpt":{"rendered":"<p>[vc_row][vc_column][vc_column_text css=\u00a0\u00bb\u00a0\u00bb] \u00a0 [\/vc_column_text][\/vc_column][\/vc_row][vc_row][vc_column width=\u00a0\u00bb2\/3&Prime;][vc_empty_space height=\u00a0\u00bb50px\u00a0\u00bb][vc_column_text css_animation=\u00a0\u00bbnone\u00a0\u00bb css=\u00a0\u00bb\u00a0\u00bb] ORGANISEZ VOS SESSIONS DE SNOWBOARD \u00c0 MEG\u00c8VE Profitez d&rsquo;un accompagnement personnalis\u00e9.Un moniteur de snowboard \u00e0 votre enti\u00e8re disposition pour une demi-journ\u00e9e, une journ\u00e9e ou une semaine&#8230;Nous vous proposons un service sur mesure \u00e0 Meg\u00e8ve au d\u00e9part du Mont d&rsquo;Arbois. Seul, en famille ou entre amis, d\u00e9couvrez les joies du ski avec nos moniteurs dipl\u00f4m\u00e9s d&rsquo;\u00c9tat.Rendez-vous au magasin de snowboard, sur le spot, au pied des pistes ! D\u00e9couvrez une vari\u00e9t\u00e9 de lieux typiques et les plus beaux itin\u00e9raires autour de Meg\u00e8ve, quel que soit votre niveau. Cours particuliers : en individuel, entre amis ou en famille.*60 \u20ac par personne suppl\u00e9mentaire au-del\u00e0 de 3 personnes. Tarifs de snowboard *Demi-journ\u00e9e9:00 &#8211; 12:00 or 13:00 &#8211; 16:00 400\u20ac *Journ\u00e9eFrom 9:00 til 16:00 640\u20ac *Hors-piste &amp; Rando snowDVA inclus 640\u20ac *Demi-journ\u00e9e et journ\u00e9e compl\u00e8te en haute saison : +60 \u20ac :from 20.12.2025 til 05.01.2026and from 7.02.2026 til 9.03.2026 *Lieux de rencontre Mont d&rsquo;Arbois Snowboard Shop La Caboche (station interm\u00e9diaire) La Princesse (T\u00e9l\u00e9cabine) A votre h\u00f4tel ou chalet [\/vc_column_text][vc_column_text] [\/vc_column_text][vc_column_text css_animation=\u00a0\u00bbnone\u00a0\u00bb css=\u00a0\u00bb\u00a0\u00bb] Conditions d&rsquo;annulationL&rsquo;annulation doit avoir lieu plus de 15 jours avant le d\u00e9but du cours. Si celle-ci a lieu entre 14 et 7 jours avant le d\u00e9but du cours, un montant correspondant aux heures de cours du premier jour sera retenu. Les services sont \u00e0 r\u00e9gler int\u00e9gralement durant cette p\u00e9riode. EnseignementSnowboard school Meg\u00e8ve a b\u00e2ti sa r\u00e9putation sur son professionnalisme et la qualit\u00e9 de son enseignement. Conform\u00e9ment aux derni\u00e8res tendances p\u00e9dagogiques, l&rsquo;\u00e9cole n&#8217;emploie que des moniteurs form\u00e9s par l&rsquo;ENSA, sp\u00e9cialis\u00e9s dans toutes les disciplines de sports de glisse. Nos objectifs clairs et pr\u00e9cis sont notre engagement \u00e0 te fournir un service sur mesure. [\/vc_column_text][\/vc_column][vc_column width=\u00a0\u00bb1\/3&Prime;][vc_empty_space height=\u00a0\u00bb50px\u00a0\u00bb][vc_single_image image=\u00a0\u00bb1566&Prime; img_size=\u00a0\u00bbmedium\u00a0\u00bb alignment=\u00a0\u00bbcenter\u00a0\u00bb style=\u00a0\u00bbvc_box_outline\u00a0\u00bb css=\u00a0\u00bb\u00a0\u00bb][vc_single_image image=\u00a0\u00bb1567&Prime; img_size=\u00a0\u00bbmedium\u00a0\u00bb alignment=\u00a0\u00bbcenter\u00a0\u00bb style=\u00a0\u00bbvc_box_outline\u00a0\u00bb css=\u00a0\u00bb\u00a0\u00bb][vc_single_image image=\u00a0\u00bb1568&Prime; img_size=\u00a0\u00bbmedium\u00a0\u00bb alignment=\u00a0\u00bbcenter\u00a0\u00bb style=\u00a0\u00bbvc_box_outline\u00a0\u00bb css=\u00a0\u00bb\u00a0\u00bb][vc_single_image image=\u00a0\u00bb1569&Prime; img_size=\u00a0\u00bbmedium\u00a0\u00bb alignment=\u00a0\u00bbcenter\u00a0\u00bb style=\u00a0\u00bbvc_box_outline\u00a0\u00bb css=\u00a0\u00bb\u00a0\u00bb][vc_single_image image=\u00a0\u00bb1570&Prime; img_size=\u00a0\u00bbmedium\u00a0\u00bb alignment=\u00a0\u00bbcenter\u00a0\u00bb style=\u00a0\u00bbvc_box_outline\u00a0\u00bb css=\u00a0\u00bb\u00a0\u00bb][vc_single_image image=\u00a0\u00bb1571&Prime; img_size=\u00a0\u00bbmedium\u00a0\u00bb alignment=\u00a0\u00bbcenter\u00a0\u00bb style=\u00a0\u00bbvc_box_outline\u00a0\u00bb css=\u00a0\u00bb\u00a0\u00bb][vc_single_image image=\u00a0\u00bb1572&Prime; img_size=\u00a0\u00bbmedium\u00a0\u00bb alignment=\u00a0\u00bbcenter\u00a0\u00bb style=\u00a0\u00bbvc_box_outline\u00a0\u00bb css=\u00a0\u00bb\u00a0\u00bb][\/vc_column][\/vc_row][vc_row][vc_column][\/vc_column][\/vc_row]<\/p>\n","protected":false},"author":1,"featured_media":0,"parent":0,"menu_order":0,"comment_status":"closed","ping_status":"closed","template":"","meta":{"footnotes":""},"class_list":["post-1573","page","type-page","status-publish","hentry"],"acf":[],"_links":{"self":[{"href":"https:\/\/megevesnowboardschool.com\/fr\/wp-json\/wp\/v2\/pages\/1573","targetHints":{"allow":["GET"]}}],"collection":[{"href":"https:\/\/megevesnowboardschool.com\/fr\/wp-json\/wp\/v2\/pages"}],"about":[{"href":"https:\/\/megevesnowboardschool.com\/fr\/wp-json\/wp\/v2\/types\/page"}],"author":[{"embeddable":true,"href":"https:\/\/megevesnowboardschool.com\/fr\/wp-json\/wp\/v2\/users\/1"}],"replies":[{"embeddable":true,"href":"https:\/\/megevesnowboardschool.com\/fr\/wp-json\/wp\/v2\/comments?post=1573"}],"version-history":[{"count":12,"href":"https:\/\/megevesnowboardschool.com\/fr\/wp-json\/wp\/v2\/pages\/1573\/revisions"}],"predecessor-version":[{"id":1633,"href":"https:\/\/megevesnowboardschool.com\/fr\/wp-json\/wp\/v2\/pages\/1573\/revisions\/1633"}],"wp:attachment":[{"href":"https:\/\/megevesnowboardschool.com\/fr\/wp-json\/wp\/v2\/media?parent=1573"}],"curies":[{"name":"wp","href":"https:\/\/api.w.org\/{rel}","templated":true}]}}