{"id":1583,"date":"2024-10-06T20:11:27","date_gmt":"2024-10-06T18:11:27","guid":{"rendered":"https:\/\/megevesnowboardschool.com\/cours-prives\/"},"modified":"2026-04-17T11:56:15","modified_gmt":"2026-04-17T09:56:15","slug":"cours-prives","status":"publish","type":"page","link":"https:\/\/megevesnowboardschool.com\/fr\/cours-prives\/","title":{"rendered":"Cours particuliers snowboard"},"content":{"rendered":"<div class=\"wpb-content-wrapper\"><p>[vc_row][vc_column][vc_column_text]<\/p>\n<hr \/>\n<p>[\/vc_column_text][\/vc_column][\/vc_row][vc_row][vc_column][vc_column_text css=\u00a0\u00bb\u00a0\u00bb]<span style=\"color: #800000;\"><strong>SI VOUS SOUHAITEZ FAIRE DU SNOWBOARD \u00c0 M\u00c9G\u00c8VE, VENEZ VIVRE DE NOUVELLES SENSATIONS\u2026<\/strong><\/span><\/p>\n<p>Vivez le snowboard comme vous l&rsquo;entendez, en famille, entre amis ou en t\u00eate-\u00e0-t\u00eate : venez d\u00e9couvrir les joies du snowboard \u00e0 Meg\u00e8ve, au c\u0153ur du magnifique domaine skiable \u00ab \u00c9vasion Mont-Blanc \u00bb.<br \/>\nLes pieds sur votre snowboard et la t\u00eate dans les nuages, vous n&rsquo;aurez d&rsquo;autre souci que de profiter pleinement de votre cours, entre les mains expertes d&rsquo;un moniteur dipl\u00f4m\u00e9.<\/p>\n<p>Pour votre s\u00e9jour \u00e0 la montagne, profitez des plaisirs du snowboard \u00e0 Meg\u00e8ve.<\/p>\n<p>Nous vous invitons \u00e0 d\u00e9couvrir les meilleurs itin\u00e9raires en snowboard et une vari\u00e9t\u00e9 de lieux typiques sur le domaine skiable de Meg\u00e8ve \u00ab\u00a0Evasion Mont Blanc\u00a0\u00bb quelque soit votre niveau.<\/p>\n<p>Progresser, devenez esth\u00e9tique et \u00e0 l\u2019aise sur toutes les pistes et toutes les neiges..<\/p>\n<p>D\u00e9couvrez les premi\u00e8res sensations du free style, le carving main dans la neige, adresse, coordination, \u00e9quilibre, autonomie\u2026<\/p>\n<ul>\n<li>Horaires : 7 jours sur 7<br \/>\nPrestations \u00e0 la journ\u00e9e : de 9 h \u00e0 16 h<br \/>\nPrestations \u00e0 la demi-journ\u00e9e : de 9 h \u00e0 12 h ou de 13 h \u00e0 16 h<\/li>\n<\/ul>\n<p>[\/vc_column_text][\/vc_column][\/vc_row][vc_row][vc_column width=\u00a0\u00bb1\/2&Prime;][vc_single_image image=\u00a0\u00bb1584&Prime; img_size=\u00a0\u00bblarge\u00a0\u00bb alignment=\u00a0\u00bbcenter\u00a0\u00bb style=\u00a0\u00bbvc_box_outline\u00a0\u00bb css=\u00a0\u00bb\u00a0\u00bb][vc_single_image image=\u00a0\u00bb1581&Prime; img_size=\u00a0\u00bblarge\u00a0\u00bb alignment=\u00a0\u00bbcenter\u00a0\u00bb style=\u00a0\u00bbvc_box_outline\u00a0\u00bb css=\u00a0\u00bb\u00a0\u00bb][vc_single_image image=\u00a0\u00bb1582&Prime; img_size=\u00a0\u00bblarge\u00a0\u00bb alignment=\u00a0\u00bbcenter\u00a0\u00bb style=\u00a0\u00bbvc_box_outline\u00a0\u00bb css=\u00a0\u00bb\u00a0\u00bb][\/vc_column][vc_column width=\u00a0\u00bb1\/2&Prime;][vc_column_text css=\u00a0\u00bb\u00a0\u00bb]<\/p>\n<ul>\n<li><span style=\"color: #800000;\"><strong>Les + Megeve Snowboard School<\/strong><\/span><\/li>\n<\/ul>\n<p>Une \u00e9cole de snowboard haut de gamme pour des prestations exclusives<br \/>\n\u2013 Un encadrement personnalis\u00e9 par des professionnels du snowboard<br \/>\n\u2013 Du plaisir, des sensations au sein d\u2019un suivi technique et progressif<br \/>\n\u2013 D\u00e8s le niveau d\u00e9butant, interm\u00e9diaire jusqu\u2019\u00e0 l\u2019expert ; enfants (d\u00e8s 6 ans) ou adultes<br \/>\n\u2013 Une organisation et des horaires modulables selon votre convenance<br \/>\n\u2013 Le passage prioritaire \u00e9coles de ski sur toutes les remont\u00e9es m\u00e9caniques<br \/>\n\u2013 Nos conseils avis\u00e9s pour la location de votre mat\u00e9riel selon votre niveau<\/p>\n<ul>\n<li><span style=\"color: #800000;\"><strong>Votre niveau<\/strong><\/span><\/li>\n<\/ul>\n<p>\u2013 Que vous soyez d\u00e9butant, interm\u00e9diaire ou confirm\u00e9,<br \/>\n\u2013 Perfectionnez votre technique de carving sur les pistes et votre style en hors-piste,<br \/>\n\u2013 \u00ab Stages sp\u00e9ciaux \u00bb pour d\u00e9butants (3 demi-journ\u00e9es \/ 2 journ\u00e9es compl\u00e8tes).<\/p>\n<ul>\n<li><span style=\"color: #800000;\"><strong>Votre point de rendez-vous<\/strong><\/span><\/li>\n<\/ul>\n<p>&#8211; Mont d\u2019Arbois ou Caboche<\/p>\n<ul>\n<li><span style=\"color: #800000;\"><strong>La prestation comprend<\/strong><\/span><\/li>\n<\/ul>\n<p>&#8211; L\u2019encadrement par un moniteur de snowboard dipl\u00f4m\u00e9 d\u2019Etat Fran\u00e7ais.<br \/>\n&#8211; Nos moniteurs sont bilingues Anglais \/ Fran\u00e7ais.<br \/>\n&#8211; Des conseils avis\u00e9s pour s\u00e9lectionner le mat\u00e9riel adapt\u00e9 selon le programme de votre s\u00e9jour en partenariat avec notre pro snow shop.<\/p>\n<p>&nbsp;<\/p>\n<p><em>D\u00e9couvrez diff\u00e9rentes destinations au cours de la journ\u00e9e : Chamonix, Courmayeur, Les Contamines\u2026<\/em>[\/vc_column_text][\/vc_column][\/vc_row][vc_row][vc_column][\/vc_column][\/vc_row][vc_row disable_element=\u00a0\u00bbyes\u00a0\u00bb][vc_column width=\u00a0\u00bb1\/2&Prime;][\/vc_column][vc_column width=\u00a0\u00bb1\/2&Prime;][\/vc_column][\/vc_row][vc_row disable_element=\u00a0\u00bbyes\u00a0\u00bb][vc_column width=\u00a0\u00bb1\/2&Prime;][vc_single_image image=\u00a0\u00bb1112&Prime; img_size=\u00a0\u00bbmedium\u00a0\u00bb alignment=\u00a0\u00bbcenter\u00a0\u00bb style=\u00a0\u00bbvc_box_border\u00a0\u00bb][\/vc_column][vc_column width=\u00a0\u00bb1\/2&Prime;][vc_single_image image=\u00a0\u00bb1113&Prime; img_size=\u00a0\u00bbmedium\u00a0\u00bb alignment=\u00a0\u00bbcenter\u00a0\u00bb style=\u00a0\u00bbvc_box_border\u00a0\u00bb][\/vc_column][\/vc_row][vc_row disable_element=\u00a0\u00bbyes\u00a0\u00bb][vc_column width=\u00a0\u00bb2\/3&Prime;][vc_single_image image=\u00a0\u00bb343&Prime; img_size=\u00a0\u00bblarge\u00a0\u00bb alignment=\u00a0\u00bbcenter\u00a0\u00bb style=\u00a0\u00bbvc_box_outline\u00a0\u00bb][\/vc_column][vc_column width=\u00a0\u00bb1\/3&Prime;][vc_empty_space height=\u00a0\u00bb16px\u00a0\u00bb][vc_single_image image=\u00a0\u00bb957&Prime; img_size=\u00a0\u00bbmedium\u00a0\u00bb alignment=\u00a0\u00bbcenter\u00a0\u00bb style=\u00a0\u00bbvc_box_outline\u00a0\u00bb][\/vc_column][\/vc_row][vc_row][vc_column width=\u00a0\u00bb1\/2&Prime;][\/vc_column][vc_column width=\u00a0\u00bb1\/2&Prime;][\/vc_column][\/vc_row]<\/p>\n<\/div>","protected":false},"excerpt":{"rendered":"<p>[vc_row][vc_column][vc_column_text] [\/vc_column_text][\/vc_column][\/vc_row][vc_row][vc_column][vc_column_text css=\u00a0\u00bb\u00a0\u00bb]SI VOUS SOUHAITEZ FAIRE DU SNOWBOARD \u00c0 M\u00c9G\u00c8VE, VENEZ VIVRE DE NOUVELLES SENSATIONS\u2026 Vivez le snowboard comme vous l&rsquo;entendez, en famille, entre amis ou en t\u00eate-\u00e0-t\u00eate : venez d\u00e9couvrir les joies du snowboard \u00e0 Meg\u00e8ve, au c\u0153ur du magnifique domaine skiable \u00ab \u00c9vasion Mont-Blanc \u00bb. Les pieds sur votre snowboard et la t\u00eate dans les nuages, vous n&rsquo;aurez d&rsquo;autre souci que de profiter pleinement de votre cours, entre les mains expertes d&rsquo;un moniteur dipl\u00f4m\u00e9. Pour votre s\u00e9jour \u00e0 la montagne, profitez des plaisirs du snowboard \u00e0 Meg\u00e8ve. Nous vous invitons \u00e0 d\u00e9couvrir les meilleurs itin\u00e9raires en snowboard et une vari\u00e9t\u00e9 de lieux typiques sur le domaine skiable de Meg\u00e8ve \u00ab\u00a0Evasion Mont Blanc\u00a0\u00bb quelque soit votre niveau. Progresser, devenez esth\u00e9tique et \u00e0 l\u2019aise sur toutes les pistes et toutes les neiges.. D\u00e9couvrez les premi\u00e8res sensations du free style, le carving main dans la neige, adresse, coordination, \u00e9quilibre, autonomie\u2026 Horaires : 7 jours sur 7 Prestations \u00e0 la journ\u00e9e : de 9 h \u00e0 16 h Prestations \u00e0 la demi-journ\u00e9e : de 9 h \u00e0 12 h ou de 13 h \u00e0 16 h [\/vc_column_text][\/vc_column][\/vc_row][vc_row][vc_column width=\u00a0\u00bb1\/2&Prime;][vc_single_image image=\u00a0\u00bb1584&Prime; img_size=\u00a0\u00bblarge\u00a0\u00bb alignment=\u00a0\u00bbcenter\u00a0\u00bb style=\u00a0\u00bbvc_box_outline\u00a0\u00bb css=\u00a0\u00bb\u00a0\u00bb][vc_single_image image=\u00a0\u00bb1581&Prime; img_size=\u00a0\u00bblarge\u00a0\u00bb alignment=\u00a0\u00bbcenter\u00a0\u00bb style=\u00a0\u00bbvc_box_outline\u00a0\u00bb css=\u00a0\u00bb\u00a0\u00bb][vc_single_image image=\u00a0\u00bb1582&Prime; img_size=\u00a0\u00bblarge\u00a0\u00bb alignment=\u00a0\u00bbcenter\u00a0\u00bb style=\u00a0\u00bbvc_box_outline\u00a0\u00bb css=\u00a0\u00bb\u00a0\u00bb][\/vc_column][vc_column width=\u00a0\u00bb1\/2&Prime;][vc_column_text css=\u00a0\u00bb\u00a0\u00bb] Les + Megeve Snowboard School Une \u00e9cole de snowboard haut de gamme pour des prestations exclusives \u2013 Un encadrement personnalis\u00e9 par des professionnels du snowboard \u2013 Du plaisir, des sensations au sein d\u2019un suivi technique et progressif \u2013 D\u00e8s le niveau d\u00e9butant, interm\u00e9diaire jusqu\u2019\u00e0 l\u2019expert ; enfants (d\u00e8s 6 ans) ou adultes \u2013 Une organisation et des horaires modulables selon votre convenance \u2013 Le passage prioritaire \u00e9coles de ski sur toutes les remont\u00e9es m\u00e9caniques \u2013 Nos conseils avis\u00e9s pour la location de votre mat\u00e9riel selon votre niveau Votre niveau \u2013 Que vous soyez d\u00e9butant, interm\u00e9diaire ou confirm\u00e9, \u2013 Perfectionnez votre technique de carving sur les pistes et votre style en hors-piste, \u2013 \u00ab Stages sp\u00e9ciaux \u00bb pour d\u00e9butants (3 demi-journ\u00e9es \/ 2 journ\u00e9es compl\u00e8tes). Votre point de rendez-vous &#8211; Mont d\u2019Arbois ou Caboche La prestation comprend &#8211; L\u2019encadrement par un moniteur de snowboard dipl\u00f4m\u00e9 d\u2019Etat Fran\u00e7ais. &#8211; Nos moniteurs sont bilingues Anglais \/ Fran\u00e7ais. &#8211; Des conseils avis\u00e9s pour s\u00e9lectionner le mat\u00e9riel adapt\u00e9 selon le programme de votre s\u00e9jour en partenariat avec notre pro snow shop. &nbsp; D\u00e9couvrez diff\u00e9rentes destinations au cours de la journ\u00e9e : Chamonix, Courmayeur, Les Contamines\u2026[\/vc_column_text][\/vc_column][\/vc_row][vc_row][vc_column][\/vc_column][\/vc_row][vc_row disable_element=\u00a0\u00bbyes\u00a0\u00bb][vc_column width=\u00a0\u00bb1\/2&Prime;][\/vc_column][vc_column width=\u00a0\u00bb1\/2&Prime;][\/vc_column][\/vc_row][vc_row disable_element=\u00a0\u00bbyes\u00a0\u00bb][vc_column width=\u00a0\u00bb1\/2&Prime;][vc_single_image image=\u00a0\u00bb1112&Prime; img_size=\u00a0\u00bbmedium\u00a0\u00bb alignment=\u00a0\u00bbcenter\u00a0\u00bb style=\u00a0\u00bbvc_box_border\u00a0\u00bb][\/vc_column][vc_column width=\u00a0\u00bb1\/2&Prime;][vc_single_image image=\u00a0\u00bb1113&Prime; img_size=\u00a0\u00bbmedium\u00a0\u00bb alignment=\u00a0\u00bbcenter\u00a0\u00bb style=\u00a0\u00bbvc_box_border\u00a0\u00bb][\/vc_column][\/vc_row][vc_row disable_element=\u00a0\u00bbyes\u00a0\u00bb][vc_column width=\u00a0\u00bb2\/3&Prime;][vc_single_image image=\u00a0\u00bb343&Prime; img_size=\u00a0\u00bblarge\u00a0\u00bb alignment=\u00a0\u00bbcenter\u00a0\u00bb style=\u00a0\u00bbvc_box_outline\u00a0\u00bb][\/vc_column][vc_column width=\u00a0\u00bb1\/3&Prime;][vc_empty_space height=\u00a0\u00bb16px\u00a0\u00bb][vc_single_image image=\u00a0\u00bb957&Prime; img_size=\u00a0\u00bbmedium\u00a0\u00bb alignment=\u00a0\u00bbcenter\u00a0\u00bb style=\u00a0\u00bbvc_box_outline\u00a0\u00bb][\/vc_column][\/vc_row][vc_row][vc_column width=\u00a0\u00bb1\/2&Prime;][\/vc_column][vc_column width=\u00a0\u00bb1\/2&Prime;][\/vc_column][\/vc_row]<\/p>\n","protected":false},"author":1,"featured_media":0,"parent":0,"menu_order":0,"comment_status":"closed","ping_status":"closed","template":"","meta":{"footnotes":""},"class_list":["post-1583","page","type-page","status-publish","hentry"],"acf":[],"_links":{"self":[{"href":"https:\/\/megevesnowboardschool.com\/fr\/wp-json\/wp\/v2\/pages\/1583","targetHints":{"allow":["GET"]}}],"collection":[{"href":"https:\/\/megevesnowboardschool.com\/fr\/wp-json\/wp\/v2\/pages"}],"about":[{"href":"https:\/\/megevesnowboardschool.com\/fr\/wp-json\/wp\/v2\/types\/page"}],"author":[{"embeddable":true,"href":"https:\/\/megevesnowboardschool.com\/fr\/wp-json\/wp\/v2\/users\/1"}],"replies":[{"embeddable":true,"href":"https:\/\/megevesnowboardschool.com\/fr\/wp-json\/wp\/v2\/comments?post=1583"}],"version-history":[{"count":7,"href":"https:\/\/megevesnowboardschool.com\/fr\/wp-json\/wp\/v2\/pages\/1583\/revisions"}],"predecessor-version":[{"id":1629,"href":"https:\/\/megevesnowboardschool.com\/fr\/wp-json\/wp\/v2\/pages\/1583\/revisions\/1629"}],"wp:attachment":[{"href":"https:\/\/megevesnowboardschool.com\/fr\/wp-json\/wp\/v2\/media?parent=1583"}],"curies":[{"name":"wp","href":"https:\/\/api.w.org\/{rel}","templated":true}]}}